{"id":2,"date":"2025-06-13T18:07:37","date_gmt":"2025-06-13T16:07:37","guid":{"rendered":"https:\/\/domywegorzyno.xaa.pl\/?page_id=2"},"modified":"2025-07-15T08:01:00","modified_gmt":"2025-07-15T06:01:00","slug":"przykladowa-strona","status":"publish","type":"page","link":"https:\/\/domywegorzyno.xaa.pl\/","title":{"rendered":"Osiedle Blisko Jeziora to dobra przysz\u0142o\u015b\u0107"},"content":{"rendered":"\n<p>Osiedle Blisko Jeziora to cisza i spok\u00f3j \u2013 z dala od zgie\u0142ku du\u017cych miast, to idealne miejsce, aby codzienno\u015b\u0107 sta\u0142a si\u0119 przyjemno\u015bci\u0105.<\/p>\n\n\n\n<p>Zainwestuj w swoje szcz\u0119\u015bcie \u2013 ju\u017c teraz.<\/p>\n\n\n\n<h2 class=\"wp-block-heading has-text-align-center\"><mark style=\"background-color:#fcb900\" class=\"has-inline-color has-black-color\"><a href=\"https:\/\/domywegorzyno.xaa.pl\/index.php\/etap-i\/\" data-type=\"page\" data-id=\"54\"><strong>W sprzeda\u017cy domy z I Etapu budowy osiedla<\/strong><\/a><\/mark><\/h2>\n\n\n\n<figure class=\"wp-block-gallery has-nested-images columns-default is-cropped wp-block-gallery-1 is-layout-flex wp-block-gallery-is-layout-flex\">\n<figure data-wp-context=\"{&quot;imageId&quot;:&quot;69e3130e90ae2&quot;}\" data-wp-interactive=\"core\/image\" data-wp-key=\"69e3130e90ae2\" class=\"wp-block-image size-large wp-lightbox-container\"><img loading=\"lazy\" decoding=\"async\" width=\"904\" height=\"1024\" data-wp-class--hide=\"state.isContentHidden\" data-wp-class--show=\"state.isContentVisible\" data-wp-init=\"callbacks.setButtonStyles\" data-wp-on--click=\"actions.showLightbox\" data-wp-on--load=\"callbacks.setButtonStyles\" data-wp-on-window--resize=\"callbacks.setButtonStyles\" data-id=\"135\" src=\"https:\/\/domywegorzyno.xaa.pl\/wp-content\/uploads\/2025\/07\/a1-904x1024.jpg\" alt=\"\" class=\"wp-image-135\" srcset=\"https:\/\/domywegorzyno.xaa.pl\/wp-content\/uploads\/2025\/07\/a1-904x1024.jpg 904w, https:\/\/domywegorzyno.xaa.pl\/wp-content\/uploads\/2025\/07\/a1-265x300.jpg 265w, https:\/\/domywegorzyno.xaa.pl\/wp-content\/uploads\/2025\/07\/a1-768x870.jpg 768w, https:\/\/domywegorzyno.xaa.pl\/wp-content\/uploads\/2025\/07\/a1-1356x1536.jpg 1356w, https:\/\/domywegorzyno.xaa.pl\/wp-content\/uploads\/2025\/07\/a1-1808x2048.jpg 1808w, https:\/\/domywegorzyno.xaa.pl\/wp-content\/uploads\/2025\/07\/a1.jpg 1985w\" sizes=\"auto, (max-width: 767px) 89vw, (max-width: 1000px) 54vw, (max-width: 1071px) 543px, 580px\" \/><button\n\t\t\tclass=\"lightbox-trigger\"\n\t\t\ttype=\"button\"\n\t\t\taria-haspopup=\"dialog\"\n\t\t\taria-label=\"Powi\u0119ksz\"\n\t\t\tdata-wp-init=\"callbacks.initTriggerButton\"\n\t\t\tdata-wp-on--click=\"actions.showLightbox\"\n\t\t\tdata-wp-style--right=\"state.imageButtonRight\"\n\t\t\tdata-wp-style--top=\"state.imageButtonTop\"\n\t\t>\n\t\t\t<svg xmlns=\"http:\/\/www.w3.org\/2000\/svg\" width=\"12\" height=\"12\" fill=\"none\" viewBox=\"0 0 12 12\">\n\t\t\t\t<path fill=\"#fff\" d=\"M2 0a2 2 0 0 0-2 2v2h1.5V2a.5.5 0 0 1 .5-.5h2V0H2Zm2 10.5H2a.5.5 0 0 1-.5-.5V8H0v2a2 2 0 0 0 2 2h2v-1.5ZM8 12v-1.5h2a.5.5 0 0 0 .5-.5V8H12v2a2 2 0 0 1-2 2H8Zm2-12a2 2 0 0 1 2 2v2h-1.5V2a.5.5 0 0 0-.5-.5H8V0h2Z\" \/>\n\t\t\t<\/svg>\n\t\t<\/button><\/figure>\n\n\n\n<figure data-wp-context=\"{&quot;imageId&quot;:&quot;69e3130e90ecd&quot;}\" data-wp-interactive=\"core\/image\" data-wp-key=\"69e3130e90ecd\" class=\"wp-block-image size-large wp-lightbox-container\"><img loading=\"lazy\" decoding=\"async\" width=\"1024\" height=\"917\" data-wp-class--hide=\"state.isContentHidden\" data-wp-class--show=\"state.isContentVisible\" data-wp-init=\"callbacks.setButtonStyles\" data-wp-on--click=\"actions.showLightbox\" data-wp-on--load=\"callbacks.setButtonStyles\" data-wp-on-window--resize=\"callbacks.setButtonStyles\" data-id=\"134\" src=\"https:\/\/domywegorzyno.xaa.pl\/wp-content\/uploads\/2025\/07\/Widok-nr-3-1-1024x917.jpg\" alt=\"\" class=\"wp-image-134\" srcset=\"https:\/\/domywegorzyno.xaa.pl\/wp-content\/uploads\/2025\/07\/Widok-nr-3-1-1024x917.jpg 1024w, https:\/\/domywegorzyno.xaa.pl\/wp-content\/uploads\/2025\/07\/Widok-nr-3-1-300x269.jpg 300w, https:\/\/domywegorzyno.xaa.pl\/wp-content\/uploads\/2025\/07\/Widok-nr-3-1-768x688.jpg 768w, https:\/\/domywegorzyno.xaa.pl\/wp-content\/uploads\/2025\/07\/Widok-nr-3-1-1536x1376.jpg 1536w, https:\/\/domywegorzyno.xaa.pl\/wp-content\/uploads\/2025\/07\/Widok-nr-3-1-2048x1834.jpg 2048w\" sizes=\"auto, (max-width: 767px) 89vw, (max-width: 1000px) 54vw, (max-width: 1071px) 543px, 580px\" \/><button\n\t\t\tclass=\"lightbox-trigger\"\n\t\t\ttype=\"button\"\n\t\t\taria-haspopup=\"dialog\"\n\t\t\taria-label=\"Powi\u0119ksz\"\n\t\t\tdata-wp-init=\"callbacks.initTriggerButton\"\n\t\t\tdata-wp-on--click=\"actions.showLightbox\"\n\t\t\tdata-wp-style--right=\"state.imageButtonRight\"\n\t\t\tdata-wp-style--top=\"state.imageButtonTop\"\n\t\t>\n\t\t\t<svg xmlns=\"http:\/\/www.w3.org\/2000\/svg\" width=\"12\" height=\"12\" fill=\"none\" viewBox=\"0 0 12 12\">\n\t\t\t\t<path fill=\"#fff\" d=\"M2 0a2 2 0 0 0-2 2v2h1.5V2a.5.5 0 0 1 .5-.5h2V0H2Zm2 10.5H2a.5.5 0 0 1-.5-.5V8H0v2a2 2 0 0 0 2 2h2v-1.5ZM8 12v-1.5h2a.5.5 0 0 0 .5-.5V8H12v2a2 2 0 0 1-2 2H8Zm2-12a2 2 0 0 1 2 2v2h-1.5V2a.5.5 0 0 0-.5-.5H8V0h2Z\" \/>\n\t\t\t<\/svg>\n\t\t<\/button><\/figure>\n\n\n\n<figure data-wp-context=\"{&quot;imageId&quot;:&quot;69e3130e91222&quot;}\" data-wp-interactive=\"core\/image\" data-wp-key=\"69e3130e91222\" class=\"wp-block-image size-large wp-lightbox-container\"><img loading=\"lazy\" decoding=\"async\" width=\"925\" height=\"1024\" data-wp-class--hide=\"state.isContentHidden\" data-wp-class--show=\"state.isContentVisible\" data-wp-init=\"callbacks.setButtonStyles\" data-wp-on--click=\"actions.showLightbox\" data-wp-on--load=\"callbacks.setButtonStyles\" data-wp-on-window--resize=\"callbacks.setButtonStyles\" data-id=\"136\" src=\"https:\/\/domywegorzyno.xaa.pl\/wp-content\/uploads\/2025\/07\/a2-925x1024.jpg\" alt=\"\" class=\"wp-image-136\" srcset=\"https:\/\/domywegorzyno.xaa.pl\/wp-content\/uploads\/2025\/07\/a2-925x1024.jpg 925w, https:\/\/domywegorzyno.xaa.pl\/wp-content\/uploads\/2025\/07\/a2-271x300.jpg 271w, https:\/\/domywegorzyno.xaa.pl\/wp-content\/uploads\/2025\/07\/a2-768x850.jpg 768w, https:\/\/domywegorzyno.xaa.pl\/wp-content\/uploads\/2025\/07\/a2-1388x1536.jpg 1388w, https:\/\/domywegorzyno.xaa.pl\/wp-content\/uploads\/2025\/07\/a2-1850x2048.jpg 1850w\" sizes=\"auto, (max-width: 767px) 89vw, (max-width: 1000px) 54vw, (max-width: 1071px) 543px, 580px\" \/><button\n\t\t\tclass=\"lightbox-trigger\"\n\t\t\ttype=\"button\"\n\t\t\taria-haspopup=\"dialog\"\n\t\t\taria-label=\"Powi\u0119ksz\"\n\t\t\tdata-wp-init=\"callbacks.initTriggerButton\"\n\t\t\tdata-wp-on--click=\"actions.showLightbox\"\n\t\t\tdata-wp-style--right=\"state.imageButtonRight\"\n\t\t\tdata-wp-style--top=\"state.imageButtonTop\"\n\t\t>\n\t\t\t<svg xmlns=\"http:\/\/www.w3.org\/2000\/svg\" width=\"12\" height=\"12\" fill=\"none\" viewBox=\"0 0 12 12\">\n\t\t\t\t<path fill=\"#fff\" d=\"M2 0a2 2 0 0 0-2 2v2h1.5V2a.5.5 0 0 1 .5-.5h2V0H2Zm2 10.5H2a.5.5 0 0 1-.5-.5V8H0v2a2 2 0 0 0 2 2h2v-1.5ZM8 12v-1.5h2a.5.5 0 0 0 .5-.5V8H12v2a2 2 0 0 1-2 2H8Zm2-12a2 2 0 0 1 2 2v2h-1.5V2a.5.5 0 0 0-.5-.5H8V0h2Z\" \/>\n\t\t\t<\/svg>\n\t\t<\/button><\/figure>\n<\/figure>\n\n\n\n<p class=\"has-text-align-center\"><strong>Sprawd\u017a dost\u0119pn\u0105 ofert\u0119 i zapewnij sobie miejsce w tym magicznym zak\u0105tku.<\/strong><\/p>\n\n\n\n<p><\/p>\n","protected":false},"excerpt":{"rendered":"<p>Osiedle Blisko Jeziora to cisza i spok\u00f3j \u2013 z dala od zgie\u0142ku du\u017cych miast, to idealne miejsce, aby codzienno\u015b\u0107 sta\u0142a si\u0119 przyjemno\u015bci\u0105. Zainwestuj w swoje szcz\u0119\u015bcie \u2013 ju\u017c teraz. W sprzeda\u017cy domy z I Etapu budowy osiedla Sprawd\u017a dost\u0119pn\u0105 ofert\u0119 i zapewnij sobie miejsce w tym magicznym zak\u0105tku.<\/p>\n","protected":false},"author":1,"featured_media":0,"parent":0,"menu_order":0,"comment_status":"closed","ping_status":"open","template":"","meta":{"footnotes":""},"class_list":["post-2","page","type-page","status-publish","hentry"],"_links":{"self":[{"href":"https:\/\/domywegorzyno.xaa.pl\/index.php\/wp-json\/wp\/v2\/pages\/2","targetHints":{"allow":["GET"]}}],"collection":[{"href":"https:\/\/domywegorzyno.xaa.pl\/index.php\/wp-json\/wp\/v2\/pages"}],"about":[{"href":"https:\/\/domywegorzyno.xaa.pl\/index.php\/wp-json\/wp\/v2\/types\/page"}],"author":[{"embeddable":true,"href":"https:\/\/domywegorzyno.xaa.pl\/index.php\/wp-json\/wp\/v2\/users\/1"}],"replies":[{"embeddable":true,"href":"https:\/\/domywegorzyno.xaa.pl\/index.php\/wp-json\/wp\/v2\/comments?post=2"}],"version-history":[{"count":8,"href":"https:\/\/domywegorzyno.xaa.pl\/index.php\/wp-json\/wp\/v2\/pages\/2\/revisions"}],"predecessor-version":[{"id":199,"href":"https:\/\/domywegorzyno.xaa.pl\/index.php\/wp-json\/wp\/v2\/pages\/2\/revisions\/199"}],"wp:attachment":[{"href":"https:\/\/domywegorzyno.xaa.pl\/index.php\/wp-json\/wp\/v2\/media?parent=2"}],"curies":[{"name":"wp","href":"https:\/\/api.w.org\/{rel}","templated":true}]}}